{"id":3200,"date":"2021-03-10T17:26:47","date_gmt":"2021-03-10T16:26:47","guid":{"rendered":"https:\/\/uni-eco.umontpellier.fr\/oproep-tot-het-indienen-van-projecten-green-challenges-2021\/"},"modified":"2021-03-11T17:36:35","modified_gmt":"2021-03-11T16:36:35","slug":"oproep-tot-het-indienen-van-projecten-green-challenges-2021","status":"publish","type":"page","link":"https:\/\/uni-eco.umontpellier.fr\/nl\/oproep-tot-het-indienen-van-projecten-green-challenges-2021\/","title":{"rendered":"Oproep tot het indienen van projecten &#8220;Green Challenges 2021\u201d"},"content":{"rendered":"<p>[et_pb_section fb_built=&#8221;1&#8243; fullwidth=&#8221;on&#8221; next_background_color=&#8221;#ffffff&#8221; _builder_version=&#8221;4.8.2&#8243; _module_preset=&#8221;default&#8221; use_background_color_gradient=&#8221;on&#8221; background_color_gradient_start=&#8221;#004912&#8243; background_color_gradient_end=&#8221;#1fad82&#8243; background_image=&#8221;https:\/\/uni-eco.umontpellier.fr\/media\/unieco-header-image-scaled.jpg&#8221; background_position=&#8221;top_center&#8221; background_blend=&#8221;lighten&#8221; bottom_divider_style=&#8221;asymmetric2&#8243; bottom_divider_flip=&#8221;horizontal&#8221; locked=&#8221;off&#8221;][et_pb_fullwidth_post_title meta=&#8221;off&#8221; featured_image=&#8221;off&#8221; _builder_version=&#8221;4.8.2&#8243; _module_preset=&#8221;default&#8221; title_font=&#8221;Abel|700|||||||&#8221; title_text_color=&#8221;#FFFFFF&#8221; title_font_size=&#8221;32px&#8221; min_height=&#8221;250px&#8221; custom_margin=&#8221;||1px|||&#8221; title_text_shadow_style=&#8221;preset1&#8243;][\/et_pb_fullwidth_post_title][\/et_pb_section][et_pb_section fb_built=&#8221;1&#8243; _builder_version=&#8221;4.9.1&#8243; _module_preset=&#8221;default&#8221; collapsed=&#8221;off&#8221;][et_pb_row _builder_version=&#8221;4.9.1&#8243; _module_preset=&#8221;default&#8221;][et_pb_column type=&#8221;4_4&#8243; _builder_version=&#8221;4.9.1&#8243; _module_preset=&#8221;default&#8221;][et_pb_text _builder_version=&#8221;4.9.1&#8243; _module_preset=&#8221;default&#8221; hover_enabled=&#8221;0&#8243; admin_label=&#8221;Text&#8221; sticky_enabled=&#8221;0&#8243;]<\/p>\n<h2><strong>CONTEXT<\/strong><\/h2>\n<p>Deze oproep om met projectvoorstellen te komen, maakt deel uit van het UNI-ECO project. UNI-ECO is een &#8220;Strategisch Partnerschap&#8221; dat medegefinancierd wordt door het Erasmus+ programma van de Europese Commissie. Het UNI-ECO-project is een initiatief dat wordt geleid door de universiteit van Montpellier in partnerschap met de universiteit van Barcelona, de universiteit van Utrecht, de E\u00f6tv\u00f6s Lor\u00e1nd-universiteit in Boedapest en Trinity College Dublin (alle leden van de CHARM-EU-alliantie van Europese universiteiten), alsmede het universitaire netwerk UNIMED en de NGO CESIE.<\/p>\n<p>Dit project speelt in op de noodzaak om zowel sociale duurzaamheid als aan milieugerelateerde duurzaamheid in te bouwen in de kern van moderne universiteiten. In het UNI-ECO-project werken wij aan duurzamere campussen, maar het zijn de studenten en het HEI-medewerkers die dit tot leven brengen door actie te ondernemen.<\/p>\n<p>Gedurende de eerste fase van het project is een studie uitgevoerd rondom &#8220;State of the Art on Sustainable Development in Higher Education Institutions&#8221;. De studie omvatte zelfevaluaties van de universiteiten en enqu\u00eates onder studenten en personeel. Op basis van een analyse van de resultaten van de studie bij de partnerinstellingen zijn prioriteiten gesteld aan actiegebieden en gemeenschappelijke &#8220;groene uitdagingen&#8221; geformuleerd. Dit vormt de basis van de huidige oproep tot het indienen van projectvoorstellen.<\/p>\n<p><strong> <\/strong><\/p>\n<h2><strong>DOELSTELLING<\/strong><\/h2>\n<p>Het doel van de &#8220;Green Challenges&#8221;-campagne is medewerker, student en docent aan te moedigen zich in te zetten voor de universitaire gemeenschap. Dit door, in het kader van UNI-ECO, mini projecten voor te stellen die goede praktijkvoorbeelden binnen de instelling en de uitwisseling van idee\u00ebn tussen de partneruniversiteiten bevorderen.<\/p>\n<p>&nbsp;<\/p>\n<h2><strong>THEMA&#8217;S 2021<\/strong><\/h2>\n<p>Elke partner universiteit beheert haar eigen interne oproep tot het indienen van projecten in het kader van de &#8220;Green Challenges&#8221; in 2021.<\/p>\n<p>De gemeenschappelijke thema&#8217;s van de projectoproepen in het kader van de &#8220;Groene uitdagingen 2021&#8221; zijn als volgt gedefinieerd:<\/p>\n<ol>\n<li>Praktijkvoorbeelden die de universiteit dichter bij een Zero Waste-doel brengen<\/li>\n<li>Vermindering van de CO2 voetafdruk in verband met mobiliteit van de universiteit<\/li>\n<li>Acties ter ondersteuning en verbetering van de biodiversiteit<\/li>\n<li>Vermindering van de milieuvoetafdruk van de catering aan de universiteit<\/li>\n<\/ol>\n<p><strong> <\/strong><\/p>\n<h2><strong>MOGELIJKHEDEN VOOR DEELNEMERS<\/strong><\/h2>\n<p>Zowel studenten, docenten als medewerkers van de UU kunnen zichzelf uitdagen door hun eigen team projecten voor te stellen of door bestaande projecten te ondersteunen.<\/p>\n<p>De teams die worden gevormd om de groene uitdagingen aan te gaan, krijgen toegang tot een online platform, waar ze informatie kunnen inwinnen, idee\u00ebn kunnen uitwisselen en de uitvoering van hun miniproject kunnen co\u00f6rdineren.<\/p>\n<p>Elke instelling kan middelen vrijmaken om de uitvoering van het project te ondersteunen, voor zover dit tijdens de aanvraagprocedure wordt gemotiveerd; het evaluatiecomit\u00e9 van elke instelling beslist hierover binnen de grenzen van een klein specifiek budget (details worden door elke instelling ter plaatse bekendgemaakt).<\/p>\n<p>De beste projecten geselecteerd door de universiteit zullen door de leider van het team (en\/of de door het team gekozen vertegenwoordiger) aan de gehele universitaire gemeenschap en de partnerinstellingen worden gepresenteerd tijdens de UNI-ECO-zomerschool (plaats en datum nog te bevestigen afhankelijk van de ontwikkeling van de pandemische situatie). Indien van toepassing zullen de reis- en verblijfkosten worden gedekt door het UNI-ECO-project.<\/p>\n<p>&nbsp;<\/p>\n<h2><strong>TOELATINGSCRITERIA VOOR DEELNAME<\/strong><\/h2>\n<p>Om aan een project te kunnen deelnemen, moeten de deelnemers als student of personeelslid bij een van de partnerinstellingen zijn ingeschreven.<\/p>\n<p>Een team moet bestaan uit ten minste twee en ten hoogste vijf deelnemers, die van dezelfde instelling of van meer dan \u00e9\u00e9n partnerinstelling afkomstig mogen zijn.<\/p>\n<p><strong> <\/strong><\/p>\n<h2><strong>INSCHRIJVINGSPROCEDURE<\/strong><\/h2>\n<p>Aanvragen moeten worden ingediend via het speciale platform dat wordt gehost op de website van het UNI-ECO-project: <a href=\"https:\/\/uni-eco.umontpellier.fr\/nl\/\">https:\/\/uni-eco.umontpellier.fr\/<\/a><\/p>\n<p>De UNI-ECO-website is in het Engels, maar het aanvraagformulier is beschikbaar in alle talen van de partneruniversiteiten.<\/p>\n<p>Elk team dat een aanvraag indient, moet het aanvraagformulier voor de Green Challenges invullen. Voor elk reeds bestaand team hoeft slechts \u00e9\u00e9n aanvraag te worden ingediend door de teamleider.<\/p>\n<p>Er bestaat de mogelijkheid om na de aanvraag een extra teamlid toe te voegen aan een project dat al door een team op het platform is voorgesteld, zolang het maximumaantal van vijf teamleden niet is bereikt. Het verzoek van het potenti\u00eble teamlid wordt automatisch per e-mail naar de teamleider van het project in kwestie gestuurd.<\/p>\n<p>De teamleider moet de potenti\u00eble bijdrage van de nieuwe aanvrager om zich bij het projectteam aan te sluiten beoordelen, binnen de maximumgrens van vijf teamleden. Het is de verantwoordelijkheid van de teamleider om zo spoedig mogelijk op het verzoek te reageren en de daaruit voortvloeiende wijziging(en) in het team lidmaatschap per e-mail aan <a href=\"mailto:uni-eco@umontpellier.fr\">uni-eco@umontpellier.fr<\/a> mede te delen.<\/p>\n<p>&nbsp;<\/p>\n<p>De uiterste inzenddatum voor aanvragen is <sup>4 april 2021<\/sup>.<\/p>\n<p><strong> <\/strong><\/p>\n<h2><strong>EVALUATIEPROCEDURES EN BEKENDMAKING VAN DE RESULTATEN<\/strong><\/h2>\n<p>Een door elke partneruniversiteit samengestelde evaluatiecommissie zal maximaal vijf projecten selecteren die doorgaan als onderdeel van de UNI-ECO Green Challenges. De selectie wordt gemaakt op basis van de beschrijving van het project in het aanvraagformulier, aan de hand van de volgende criteria:<\/p>\n<p>o de haalbaarheid en de aansluiting van het project op de uitdaging (en)<\/p>\n<p>o kwaliteit en originaliteit<\/p>\n<p>De resultaten van de selectie zullen door iedere Universiteit op de eigen website gepubliceerd worden op uiterlijk <sup>12 april 2021<\/sup>.<\/p>\n<p>Elk projectteam wordt gevraagd een voortgangsrapport in te dienen over de ontwikkeling en implementatie van hun project tegen midden juni (datum wordt nog vastgesteld). Het voortgangsrapport zal een standaard format volgen en zal ingediend worden bij de evaluatie commissie van de desbetreffende partner universiteit. Op basis van dit rapport zal de evaluatie commissie de 2 of 3 beste projecten kiezen, welke zullen worden uitgenodigd een presentatie te geven tijdens de UNI-ECO Summer School.<\/p>\n<p>De belangrijkste evaluatiecriteria zijn:<\/p>\n<p>o de haalbaarheid en de aansluiting van het project op de uitdaging (en)<\/p>\n<p>o communicatie, effect en toegevoegde waarde<\/p>\n<p>De subcriteria zijn:<\/p>\n<p>o analyse van de behoeften, realistische doelstellingen, meetbare resultaten<\/p>\n<p>o kwaliteit van de organisatie<\/p>\n<p>o Potentieel voor repliceerbaarheid, is het project voor herhaling vatbaar?<\/p>\n<p><strong> <\/strong><\/p>\n<h2><strong>VERPLICHTINGEN VAN DE GESELECTEERDE AANVRAGERS<\/strong><\/h2>\n<p>Indien geselecteerd, verbindt de aanvrager zich ertoe het project uit te voeren zoals voorgesteld in de aanvraag.<\/p>\n<p>Elk team moet een voortgangsverslag indienen in de vorm van een PowerPoint-presentatie (een sjabloon zal worden verstrekt) die vergezeld kan gaan met ondersteunende documenten (foto&#8217;s, video&#8217;s, studie, enz.). De uiterste datum voor de indiening van het voortgangsverslag bij het evaluatiecomit\u00e9 zal door het evaluatiecomit\u00e9 ter plaatse worden bevestigd.<\/p>\n<p>De eindresultaten van het project zullen worden gepubliceerd op de website van UNI-ECO en kunnen nadien worden gebruikt in het kader van de communicatie voor het UNI-ECO-project.<\/p>\n<p>Als het projectvoorstel behoort tot geselecteerde projecten, dan moet het team ten minste \u00e9\u00e9n vertegenwoordiger kiezen om de UNI-ECO Summer School bij te wonen en hun project en de voortgang tot nu toe aan de hele universitaire gemeenschap en de partnerinstellingen te presenteren. De datum van de Summer School 2021 moet nog worden bevestigd.<\/p>\n<p>&nbsp;<\/p>\n<h2><strong>OVERIGE INFORMATIE<\/strong><\/h2>\n<p>Door het indienen van het aanvraagformulier verklaart de aanvrager zich akkoord met de bepalingen en voorwaarden van de oproep tot het indienen van projecten.<\/p>\n<p>Om de privacy van de gegevens te waarborgen, zullen alleen de leden van de evaluatiecomit\u00e9s toegang hebben tot de persoonsgegevens van de aanvragers.<\/p>\n<p>De organiserende partneruniversiteiten behouden zich het recht voor om de voorwaarden te wijzigen of deze oproep tot het indienen van projecten te annuleren naargelang van de evolutie van de wereldwijde pandemie.<\/p>\n<p>[\/et_pb_text][et_pb_button button_url=&#8221;@ET-DC@eyJkeW5hbWljIjp0cnVlLCJjb250ZW50IjoicG9zdF9saW5rX3VybF9wYWdlIiwic2V0dGluZ3MiOnsicG9zdF9pZCI6IjI1MDAifX0=@&#8221; url_new_window=&#8221;on&#8221; button_text=&#8221;Green Challenges&#8221; button_alignment=&#8221;center&#8221; _builder_version=&#8221;4.9.1&#8243; _dynamic_attributes=&#8221;button_url&#8221; _module_preset=&#8221;default&#8221; custom_button=&#8221;on&#8221; button_text_color__hover_enabled=&#8221;on|hover&#8221; button_text_color__hover=&#8221;#12876F&#8221;][\/et_pb_button][\/et_pb_column][\/et_pb_row][\/et_pb_section]<\/p>\n","protected":false},"excerpt":{"rendered":"<p>CONTEXT Deze oproep om met projectvoorstellen te komen, maakt deel uit van het UNI-ECO project. UNI-ECO is een &#8220;Strategisch Partnerschap&#8221; dat medegefinancierd wordt door het Erasmus+ programma van de Europese Commissie. Het UNI-ECO-project is een initiatief dat wordt geleid door de universiteit van Montpellier in partnerschap met de universiteit van Barcelona, de universiteit van Utrecht, [&hellip;]<\/p>\n","protected":false},"author":1,"featured_media":0,"parent":0,"menu_order":0,"comment_status":"closed","ping_status":"closed","template":"","meta":{"_acf_changed":false,"_et_pb_use_builder":"on","_et_pb_old_content":"","_et_gb_content_width":"","footnotes":""},"class_list":["post-3200","page","type-page","status-publish","hentry"],"acf":[],"_links":{"self":[{"href":"https:\/\/uni-eco.umontpellier.fr\/nl\/wp-json\/wp\/v2\/pages\/3200","targetHints":{"allow":["GET"]}}],"collection":[{"href":"https:\/\/uni-eco.umontpellier.fr\/nl\/wp-json\/wp\/v2\/pages"}],"about":[{"href":"https:\/\/uni-eco.umontpellier.fr\/nl\/wp-json\/wp\/v2\/types\/page"}],"author":[{"embeddable":true,"href":"https:\/\/uni-eco.umontpellier.fr\/nl\/wp-json\/wp\/v2\/users\/1"}],"replies":[{"embeddable":true,"href":"https:\/\/uni-eco.umontpellier.fr\/nl\/wp-json\/wp\/v2\/comments?post=3200"}],"version-history":[{"count":8,"href":"https:\/\/uni-eco.umontpellier.fr\/nl\/wp-json\/wp\/v2\/pages\/3200\/revisions"}],"predecessor-version":[{"id":3450,"href":"https:\/\/uni-eco.umontpellier.fr\/nl\/wp-json\/wp\/v2\/pages\/3200\/revisions\/3450"}],"wp:attachment":[{"href":"https:\/\/uni-eco.umontpellier.fr\/nl\/wp-json\/wp\/v2\/media?parent=3200"}],"curies":[{"name":"wp","href":"https:\/\/api.w.org\/{rel}","templated":true}]}}