{"id":6667,"date":"2021-11-15T09:23:41","date_gmt":"2021-11-15T08:23:41","guid":{"rendered":"https:\/\/uni-eco.umontpellier.fr\/appel-a-projets-defis-verts-2022-conditions-generales\/"},"modified":"2021-11-15T09:23:42","modified_gmt":"2021-11-15T08:23:42","slug":"appel-a-projets-defis-verts-2022-conditions-generales","status":"publish","type":"page","link":"https:\/\/uni-eco.umontpellier.fr\/fr\/appel-a-projets-defis-verts-2022-conditions-generales\/","title":{"rendered":"Appel \u00e0 projets \u201cD\u00e9fis Verts 2022\u201d &#8211; Conditions g\u00e9n\u00e9rales"},"content":{"rendered":"<p>[et_pb_section fb_built=&#8221;1&#8243; fullwidth=&#8221;on&#8221; next_background_color=&#8221;#ffffff&#8221; _builder_version=&#8221;4.8.2&#8243; _module_preset=&#8221;default&#8221; use_background_color_gradient=&#8221;on&#8221; background_color_gradient_start=&#8221;#004912&#8243; background_color_gradient_end=&#8221;#1fad82&#8243; background_image=&#8221;https:\/\/uni-eco.umontpellier.fr\/media\/unieco-header-image-scaled.jpg&#8221; background_position=&#8221;top_center&#8221; background_blend=&#8221;lighten&#8221; bottom_divider_style=&#8221;asymmetric2&#8243; bottom_divider_flip=&#8221;horizontal&#8221; locked=&#8221;off&#8221; global_colors_info=&#8221;{}&#8221;][et_pb_fullwidth_post_title meta=&#8221;off&#8221; featured_image=&#8221;off&#8221; _builder_version=&#8221;4.8.2&#8243; _module_preset=&#8221;default&#8221; title_font=&#8221;Abel|700|||||||&#8221; title_text_color=&#8221;#FFFFFF&#8221; title_font_size=&#8221;32px&#8221; min_height=&#8221;250px&#8221; custom_margin=&#8221;||1px|||&#8221; title_text_shadow_style=&#8221;preset1&#8243; global_colors_info=&#8221;{}&#8221;][\/et_pb_fullwidth_post_title][\/et_pb_section][et_pb_section fb_built=&#8221;1&#8243; _builder_version=&#8221;4.9.1&#8243; _module_preset=&#8221;default&#8221; collapsed=&#8221;off&#8221; global_colors_info=&#8221;{}&#8221;][et_pb_row _builder_version=&#8221;4.9.1&#8243; _module_preset=&#8221;default&#8221; global_colors_info=&#8221;{}&#8221;][et_pb_column type=&#8221;4_4&#8243; _builder_version=&#8221;4.9.1&#8243; _module_preset=&#8221;default&#8221; global_colors_info=&#8221;{}&#8221;][et_pb_text _builder_version=&#8221;4.11.3&#8243; _module_preset=&#8221;default&#8221; hover_enabled=&#8221;0&#8243; global_colors_info=&#8221;{}&#8221; sticky_enabled=&#8221;0&#8243;]<\/p>\n<p>Les partenaires du projet UNI-ECO lancent la campagne des \u00ab\u00a0D\u00e9fis Verts\u00a0\u00bb (\u00ab\u00a0Green Challenges\u00a0\u00bb en anglais) sur leurs campus respectifs.<\/p>\n<p>Qu&#8217;est-ce qu&#8217;un \u00ab\u00a0d\u00e9fi vert\u00a0\u00bb ? Il s&#8217;agit d&#8217;un d\u00e9fi lanc\u00e9 aux usagers des campus afin qu&#8217;ils d\u00e9veloppent des projets dans le but d\u2019am\u00e9liorer la durabilit\u00e9 sur leur campus universitaire, en vue d\u2019atteindre les Objectifs de d\u00e9veloppement durable (ODD) fix\u00e9s par les Nations Unies.<\/p>\n<p>Rejoignez-nous et agissez pour un campus plus vert !<\/p>\n<h2><strong>CONTEXTE<\/strong><\/h2>\n<p>Cet appel \u00e0 projets s&#8217;inscrit dans le cadre du projet UNI-ECO. UNI-ECO est un &#8220;Partenariat strat\u00e9gique&#8221; cofinanc\u00e9 par le programme Erasmus+ de la Commission europ\u00e9enne. Le projet UNI-ECO est une initiative men\u00e9e par l&#8217;Universit\u00e9 de Montpellier en partenariat avec l&#8217;Universit\u00e9 de Barcelone, l&#8217;Universit\u00e9 d&#8217;Utrecht, l&#8217;Universit\u00e9 E\u00f6tv\u00f6s Lor\u00e1nd de Budapest et le Trinity College de Dublin (tous membres de l&#8217;alliance CHARM-EU), ainsi qu&#8217;avec le r\u00e9seau universitaire UNIMED et l&#8217;ONG CESIE.<\/p>\n<p>Ce projet vise \u00e0 r\u00e9pondre \u00e0 la n\u00e9cessit\u00e9 d&#8217;int\u00e9grer la durabilit\u00e9 sociale et environnementale dans l&#8217;\u00e9thique fondamentale des universit\u00e9s modernes. Dans le cadre du projet UNI-ECO, nous souhaitons concevoir un campus durable, mais ce sont les \u00e9tudiants et le personnel des \u00e9tablissements d&#8217;enseignement sup\u00e9rieur qui lui donneront vie en passant \u00e0 l&#8217;action.<\/p>\n<p>Au cours de la premi\u00e8re phase du projet, un \u00ab\u00a0\u00e9tat des lieux du d\u00e9veloppement durable dans les \u00e9tablissements d&#8217;enseignement sup\u00e9rieur\u00a0\u00bb a \u00e9t\u00e9 r\u00e9alis\u00e9. L&#8217;analyse des r\u00e9sultats de cette \u00e9tude dans les \u00e9tablissements partenaires, qui comprenait des auto-\u00e9valuations des universit\u00e9s et des enqu\u00eates aupr\u00e8s des \u00e9tudiants et du personnel, a permis d&#8217;identifier des domaines d&#8217;action prioritaires et de d\u00e9finir des &#8220;d\u00e9fis verts&#8221; communs, qui constituent le c\u0153ur de cet appel \u00e0 projets.<\/p>\n<p>Une premi\u00e8re campagne a \u00e9t\u00e9 lanc\u00e9e en 2021 au cours de laquelle 25 projets propos\u00e9s par les \u00e9tudiants et le personnel des 5 universit\u00e9s partenaires ont \u00e9t\u00e9 s\u00e9lectionn\u00e9s. Une deuxi\u00e8me campagne est lanc\u00e9e cette ann\u00e9e, afin de permettre le d\u00e9veloppement de nouveaux projets et l&#8217;\u00e9change de bonnes pratiques entre les participants des deux campagnes.<\/p>\n<p><strong>\u00a0<\/strong><\/p>\n<h2><strong>OBJECTIF<\/strong><\/h2>\n<p>L&#8217;objectif de la campagne des &#8220;D\u00e9fis Verts&#8221; est d&#8217;encourager les usagers des campus \u00e0 s&#8217;impliquer dans la communaut\u00e9 en proposant des mini-projets, et de promouvoir l&#8217;\u00e9change de bonnes pratiques au sein de l&#8217;institution, et entre les universit\u00e9s partenaires.<\/p>\n<p>&nbsp;<\/p>\n<h2><strong>TH\u00c8MES 2022<\/strong><\/h2>\n<p>Chaque universit\u00e9 partenaire g\u00e8re son propre appel \u00e0 projets interne dans le cadre des &#8220;D\u00e9fis verts&#8221; en 2022.<\/p>\n<p>Les th\u00e8mes communs de l&#8217;appel \u00e0 projets &#8220;D\u00e9fis Verts 2022&#8221; ont \u00e9t\u00e9 d\u00e9finis comme suit :<\/p>\n<ol>\n<li><strong><em>Sensibilisation aux ODD et au d\u00e9veloppement durable en g\u00e9n\u00e9ral<\/em><\/strong><\/li>\n<li><strong><em>Actions visant \u00e0 conserver et \u00e0 accro\u00eetre la biodiversit\u00e9 sur le campus<\/em><\/strong><\/li>\n<li><strong><em>S&#8217;orienter vers une \u00e9conomie circulaire \u00e0 l&#8217;universit\u00e9<\/em><\/strong><\/li>\n<li><strong><em>Encourager une utilisation efficiente des ressources (eau, \u00e9nergie, alternatives au plastique, transport\/mobilit\u00e9, etc.)<\/em><\/strong><\/li>\n<\/ol>\n<p><strong>\u00a0<\/strong><\/p>\n<h2><strong>OPPORTUNIT\u00c9S POUR LES PARTICIPANTS<\/strong><\/h2>\n<p>Les usagers des campus pourront se lancer des d\u00e9fis en proposant leurs propres projets en \u00e9quipe ou en soutenant des projets existants.<\/p>\n<p>Les \u00e9quipes form\u00e9es pour s&#8217;engager dans les d\u00e9fis verts auront acc\u00e8s \u00e0 un espace en ligne d\u00e9di\u00e9, le &#8220;Living Lab&#8221;, o\u00f9 elles pourront obtenir des informations, \u00e9changer des id\u00e9es et coordonner la formalisation de leur mini-projet.<\/p>\n<p>Chaque \u00e9tablissement pourra allouer des fonds pour soutenir la formalisation du projet, lorsqu\u2019une demande est effectu\u00e9e et justifi\u00e9e dans le cadre du processus de candidature ; cette d\u00e9cision sera prise par le comit\u00e9 d&#8217;\u00e9valuation de chaque \u00e9tablissement dans les limites d&#8217;un budget d\u00e9di\u00e9 (les d\u00e9tails seront annonc\u00e9s par chaque \u00e9tablissement au niveau local).<\/p>\n<p>Les meilleurs projets s\u00e9lectionn\u00e9s par chaque universit\u00e9 seront pr\u00e9sent\u00e9s par le chef d&#8217;\u00e9quipe (et\/ou le repr\u00e9sentant choisi par l&#8217;\u00e9quipe) \u00e0 l&#8217;ensemble de la communaut\u00e9 universitaire lors de l&#8217;universit\u00e9 d&#8217;\u00e9t\u00e9 UNI-ECO (lieu et date \u00e0 confirmer en fonction de l&#8217;\u00e9volution de la situation sanitaire). Le cas \u00e9ch\u00e9ant, les frais de transport et de logement du repr\u00e9sentant du projet seront pris en charge par le projet UNI-ECO.<\/p>\n<p>&nbsp;<\/p>\n<h2><strong>CRIT\u00c8RES D&#8217;\u00c9LIGIBILIT\u00c9 <\/strong><\/h2>\n<p>Pour participer \u00e0 un projet, les participants doivent \u00eatre inscrits en tant qu\u2019\u00e9tudiant ou membre du personnel dans l&#8217;un des \u00e9tablissements partenaires.<\/p>\n<p>Une \u00e9quipe doit \u00eatre compos\u00e9e d&#8217;un minimum de deux et d&#8217;un maximum de cinq participants, qui peuvent \u00eatre issus de la m\u00eame institution ou de plusieurs institutions partenaires.<\/p>\n<p><strong>\u00a0<\/strong><\/p>\n<h2><strong>PROC\u00c9DURE POUR CANDIDATER <\/strong><\/h2>\n<p>Les candidatures doivent \u00eatre soumises sur la plateforme d\u00e9di\u00e9e h\u00e9berg\u00e9e sur le site web du projet UNI-ECO : <a href=\"https:\/\/uni-eco.umontpellier.fr\/fr\/\">https:\/\/uni-eco.umontpellier.fr\/<\/a> \u00a0\u00a0<\/p>\n<p>Le site web d&#8217;UNI-ECO est en anglais, mais le formulaire de candidature est disponible dans toutes les langues des universit\u00e9s partenaires.<\/p>\n<p>Chaque \u00e9quipe candidate doit remplir le formulaire de candidature aux \u00ab\u00a0D\u00e9fis Verts\u00a0\u00bb. Pour chaque \u00e9quipe pr\u00e9existante, une seule demande doit \u00eatre faite par le\/la chef d&#8217;\u00e9quipe.<\/p>\n<p>Il est possible pour une personne seule de demander \u00e0 participer en tant que membre suppl\u00e9mentaire pour un projet d\u00e9j\u00e0 propos\u00e9 par une \u00e9quipe sur la plateforme, tant que le nombre maximum de cinq membres par \u00e9quipe n&#8217;est pas atteint. La demande de participation sera automatiquement envoy\u00e9e par courrier \u00e9lectronique au\/\u00e0 la chef d&#8217;\u00e9quipe du projet en question.<\/p>\n<p>Le\/la chef d&#8217;\u00e9quipe devra \u00e9valuer la contribution potentielle du demandeur pour se joindre \u00e0 l&#8217;\u00e9quipe du projet, toujours dans la limite maximale de cinq membres par \u00e9quipe. Il incombera au\/\u00e0 la chef d&#8217;\u00e9quipe de r\u00e9pondre \u00e0 la demande du demandeur dans les meilleurs d\u00e9lais, et de communiquer tout changement dans la composition de l&#8217;\u00e9quipe en r\u00e9sultant par courrier \u00e9lectronique \u00e0 <a href=\"mailto:uni-eco@umontpellier.fr\">uni-eco@umontpellier.fr<\/a>.<\/p>\n<p>La date limite de d\u00e9p\u00f4t des candidatures est fix\u00e9e au <strong><em>5 d\u00e9cembre 2021<\/em><\/strong>.<\/p>\n<p><strong>\u00a0<\/strong><\/p>\n<h2><strong>PROC\u00c9DURE DE S\u00c9LECTION ET ANNONCE DES R\u00c9SULTATS<\/strong><\/h2>\n<p>Un comit\u00e9 d&#8217;\u00e9valuation d\u00e9fini par chaque universit\u00e9 partenaire s\u00e9lectionnera un maximum de cinq projets \u00e0 r\u00e9aliser dans le cadre des D\u00e9fis Verts UNI-ECO. La s\u00e9lection se fera sur la base de la description du projet re\u00e7ue dans le formulaire de candidature, en fonction des crit\u00e8res suivants\u00a0:<\/p>\n<p>o \u00a0\u00a0\u00a0\u00a0\u00a0\u00a0\u00a0\u00a0 Faisabilit\u00e9 du projet, coh\u00e9rence dans la r\u00e9ponse apport\u00e9e au d\u00e9fi<\/p>\n<p>o \u00a0\u00a0\u00a0\u00a0\u00a0\u00a0\u00a0\u00a0 Qualit\u00e9 et originalit\u00e9<\/p>\n<p>Les r\u00e9sultats de la s\u00e9lection seront publi\u00e9s par chaque universit\u00e9 au plus tard le <strong><em>13 d\u00e9cembre 2021<\/em><\/strong>.<\/p>\n<p>Chaque \u00e9quipe devra soumettre un rapport d&#8217;avancement sur la formalisation de son projet \u00e0 la <strong><em>mi-mars 2022<\/em><\/strong> (date pr\u00e9cise \u00e0 confirmer localement). Le rapport d&#8217;avancement devra suivre un format standardis\u00e9 et sera soumis au comit\u00e9 d&#8217;\u00e9valuation de l&#8217;universit\u00e9 partenaire concern\u00e9e. Sur la base de ce rapport, le comit\u00e9 d&#8217;\u00e9valuation s\u00e9lectionnera les 2 ou 3 meilleurs projets qui seront pr\u00e9sent\u00e9s \u00e0 l&#8217;universit\u00e9 d&#8217;\u00e9t\u00e9 UNI-ECO.<\/p>\n<p>Les principaux crit\u00e8res d&#8217;\u00e9valuation seront les suivants :<\/p>\n<p>o \u00a0\u00a0\u00a0\u00a0\u00a0\u00a0\u00a0\u00a0 Faisabilit\u00e9 du projet, coh\u00e9rence dans la r\u00e9ponse au d\u00e9fi<\/p>\n<p>o \u00a0\u00a0\u00a0\u00a0\u00a0\u00a0\u00a0\u00a0 Communication, impact et valeur ajout\u00e9e<\/p>\n<p>Les sous-crit\u00e8res seront :<\/p>\n<p>o \u00a0\u00a0\u00a0\u00a0\u00a0\u00a0\u00a0\u00a0 Analyse des besoins, objectifs r\u00e9alistes, r\u00e9sultats mesurables<\/p>\n<p>o \u00a0\u00a0\u00a0\u00a0\u00a0\u00a0\u00a0\u00a0 Qualit\u00e9 de l&#8217;organisation<\/p>\n<p>o \u00a0\u00a0\u00a0\u00a0\u00a0\u00a0\u00a0\u00a0 Potentiel de reproductibilit\u00e9<\/p>\n<p><strong>\u00a0<\/strong><\/p>\n<h2><strong>OBLIGATIONS DES CANDIDATS S\u00c9LECTIONN\u00c9S<\/strong><\/h2>\n<p>En cas de s\u00e9lection, le\/la candidat\/e s&#8217;engage \u00e0 formaliser le projet tel qu&#8217;il est pr\u00e9sent\u00e9 dans sa candidature.<\/p>\n<p>Chaque \u00e9quipe devra soumettre un rapport d&#8217;avancement sous forme d\u2019une pr\u00e9sentation PowerPoint (un mod\u00e8le sera fourni) qui pourra \u00eatre accompagn\u00e9e de pi\u00e8ces justificatives (photos, vid\u00e9os, \u00e9tude, etc.). La date limite d&#8217;envoi du rapport d&#8217;avancement sera confirm\u00e9e par le comit\u00e9 d&#8217;\u00e9valuation local.<\/p>\n<p>Les r\u00e9sultats finaux des projets seront publi\u00e9s sur le site web d&#8217;UNI-ECO et pourront \u00eatre utilis\u00e9s par la suite dans le cadre de la communication effectu\u00e9e autour du projet UNI-ECO.<\/p>\n<p>Si l&#8217;\u00e9quipe est s\u00e9lectionn\u00e9e parmi les meilleurs projets, elle devra choisir au moins un repr\u00e9sentant qui assistera \u00e0 l&#8217;universit\u00e9 d&#8217;\u00e9t\u00e9 UNI-ECO pour pr\u00e9senter les avancements de son projet \u00e0 la communaut\u00e9 universitaire. La date de l&#8217;universit\u00e9 d&#8217;\u00e9t\u00e9 2022 est \u00e0 confirmer.<\/p>\n<p>&nbsp;<\/p>\n<h2><strong>AUTRES INFORMATIONS<\/strong><\/h2>\n<p>En soumettant le formulaire de candidature, le\/la candidat\/e accepte les conditions g\u00e9n\u00e9rales de l&#8217;appel \u00e0 projets.<\/p>\n<p>Afin de garantir la confidentialit\u00e9 des donn\u00e9es, seuls les membres des comit\u00e9s d&#8217;\u00e9valuation auront acc\u00e8s aux donn\u00e9es personnelles des candidats.<\/p>\n<p>Les universit\u00e9s partenaires organisatrices se r\u00e9servent le droit de modifier les conditions ou d&#8217;annuler le pr\u00e9sent appel \u00e0 projets en fonction de l&#8217;\u00e9volution de la situation sanitaire.<\/p>\n<p>[\/et_pb_text][et_pb_button button_url=&#8221;@ET-DC@eyJkeW5hbWljIjp0cnVlLCJjb250ZW50IjoicG9zdF9saW5rX3VybF9wYWdlIiwic2V0dGluZ3MiOnsicG9zdF9pZCI6IjI1MDAifX0=@&#8221; url_new_window=&#8221;on&#8221; button_text=&#8221;D\u00e9fis Verts&#8221; button_alignment=&#8221;center&#8221; _builder_version=&#8221;4.11.3&#8243; _dynamic_attributes=&#8221;button_url&#8221; _module_preset=&#8221;default&#8221; custom_button=&#8221;on&#8221; hover_enabled=&#8221;0&#8243; global_colors_info=&#8221;{}&#8221; button_text_color__hover_enabled=&#8221;on|hover&#8221; button_text_color__hover=&#8221;#12876F&#8221; sticky_enabled=&#8221;0&#8243;][\/et_pb_button][\/et_pb_column][\/et_pb_row][\/et_pb_section]<\/p>\n","protected":false},"excerpt":{"rendered":"<p>Les partenaires du projet UNI-ECO lancent la campagne des \u00ab\u00a0D\u00e9fis Verts\u00a0\u00bb (\u00ab\u00a0Green Challenges\u00a0\u00bb en anglais) sur leurs campus respectifs. Qu&#8217;est-ce qu&#8217;un \u00ab\u00a0d\u00e9fi vert\u00a0\u00bb ? Il s&#8217;agit d&#8217;un d\u00e9fi lanc\u00e9 aux usagers des campus afin qu&#8217;ils d\u00e9veloppent des projets dans le but d\u2019am\u00e9liorer la durabilit\u00e9 sur leur campus universitaire, en vue d\u2019atteindre les Objectifs de d\u00e9veloppement [&hellip;]<\/p>\n","protected":false},"author":1,"featured_media":0,"parent":0,"menu_order":0,"comment_status":"closed","ping_status":"closed","template":"","meta":{"_acf_changed":false,"_et_pb_use_builder":"on","_et_pb_old_content":"","_et_gb_content_width":"","footnotes":""},"class_list":["post-6667","page","type-page","status-publish","hentry"],"acf":[],"_links":{"self":[{"href":"https:\/\/uni-eco.umontpellier.fr\/fr\/wp-json\/wp\/v2\/pages\/6667","targetHints":{"allow":["GET"]}}],"collection":[{"href":"https:\/\/uni-eco.umontpellier.fr\/fr\/wp-json\/wp\/v2\/pages"}],"about":[{"href":"https:\/\/uni-eco.umontpellier.fr\/fr\/wp-json\/wp\/v2\/types\/page"}],"author":[{"embeddable":true,"href":"https:\/\/uni-eco.umontpellier.fr\/fr\/wp-json\/wp\/v2\/users\/1"}],"replies":[{"embeddable":true,"href":"https:\/\/uni-eco.umontpellier.fr\/fr\/wp-json\/wp\/v2\/comments?post=6667"}],"version-history":[{"count":2,"href":"https:\/\/uni-eco.umontpellier.fr\/fr\/wp-json\/wp\/v2\/pages\/6667\/revisions"}],"predecessor-version":[{"id":6669,"href":"https:\/\/uni-eco.umontpellier.fr\/fr\/wp-json\/wp\/v2\/pages\/6667\/revisions\/6669"}],"wp:attachment":[{"href":"https:\/\/uni-eco.umontpellier.fr\/fr\/wp-json\/wp\/v2\/media?parent=6667"}],"curies":[{"name":"wp","href":"https:\/\/api.w.org\/{rel}","templated":true}]}}