{"id":6414,"date":"2021-10-18T17:30:35","date_gmt":"2021-10-18T15:30:35","guid":{"rendered":"https:\/\/uni-eco.umontpellier.fr\/learn-with-unieco-become-more-sustainable\/"},"modified":"2021-11-16T11:08:02","modified_gmt":"2021-11-16T10:08:02","slug":"e-learning-platform","status":"publish","type":"page","link":"https:\/\/uni-eco.umontpellier.fr\/fr\/e-learning-platform\/","title":{"rendered":"Learn with UniEco: Become more sustainable"},"content":{"rendered":"<p>[et_pb_section fb_built=&#8221;1&#8243; _builder_version=&#8221;4.9.0&#8243; _module_preset=&#8221;default&#8221; global_colors_info=&#8221;{}&#8221;][et_pb_row column_structure=&#8221;1_3,2_3&#8243; _builder_version=&#8221;4.8.2&#8243; _module_preset=&#8221;default&#8221; global_colors_info=&#8221;{}&#8221;][et_pb_column type=&#8221;1_3&#8243; _builder_version=&#8221;4.8.2&#8243; _module_preset=&#8221;default&#8221; global_colors_info=&#8221;{}&#8221;][et_pb_image src=&#8221;https:\/\/uni-eco.umontpellier.fr\/media\/Cover_uni_eco-300&#215;224.png&#8221; title_text=&#8221;Cover_uni_eco&#8221; _builder_version=&#8221;4.8.2&#8243; _module_preset=&#8221;default&#8221; global_colors_info=&#8221;{}&#8221;][\/et_pb_image][\/et_pb_column][et_pb_column type=&#8221;2_3&#8243; _builder_version=&#8221;4.8.2&#8243; _module_preset=&#8221;default&#8221; global_colors_info=&#8221;{}&#8221;][et_pb_text _builder_version=&#8221;4.11.3&#8243; _module_preset=&#8221;default&#8221; global_colors_info=&#8221;{}&#8221;]<\/p>\n<h2>Bienvenue dans cet espace d&#8217;enseignement sur l&#8217;action climatique et le d\u00e9veloppement durable !<\/h2>\n<p>Vous aimeriez savoir comment vous pouvez changer votre comportement pour avoir un impact sur le changement climatique et vivre plus durablement ? Nos cinq modules d&#8217;apprentissage en ligne vous donneront des comp\u00e9tences et des connaissances pratiques pour comprendre et vous engager dans le d\u00e9veloppement durable de votre campus et dans votre vie priv\u00e9e.<\/p>\n<ul>\n<li data-placeholder=\"Traduction\"><span>Biodiversit\u00e9 (En d\u00e9veloppement)<\/span><\/li>\n<\/ul>\n<ul>\n<li data-placeholder=\"Traduction\"><span>Empreinte carbone (acc\u00e8s complet disponible)<\/span><\/li>\n<\/ul>\n<ul>\n<li data-placeholder=\"Traduction\"><span>\u00c9conomie circulaire (en d\u00e9veloppement)<\/span><\/li>\n<\/ul>\n<ul>\n<li data-placeholder=\"Traduction\"><span>Consommation et d\u00e9chets (acc\u00e8s complet disponible)<\/span><\/li>\n<\/ul>\n<ul>\n<li data-placeholder=\"Traduction\"><span>Eau (En d\u00e9veloppement)<\/span><\/li>\n<\/ul>\n<p><span>Ces modules ont \u00e9t\u00e9 con\u00e7us par des experts en d\u00e9veloppement durable de cinq universit\u00e9s europ\u00e9ennes faisant partie du projet UNI-ECO. Deux sont actuellement disponibles (empreinte carbone et consommation et d\u00e9chets), les trois autres le seront en 2022 (Biodiversit\u00e9, \u00c9conomie circulaire et Eau).<\/span><\/p>\n<p>[\/et_pb_text][et_pb_text _builder_version=&#8221;4.11.3&#8243; _module_preset=&#8221;default&#8221; global_colors_info=&#8221;{}&#8221;]<\/p>\n<h2>A qui est destin\u00e9 cette plateforme ?<\/h2>\n<p>Ces cours s&#8217;adressent aux \u00e9tudiants et au personnel des institutions partenaires d&#8217;UniEco : Universit\u00e9 de Montpellier, Trinity College Dublin, Universitat de Barcelona, \u200b\u200bE\u00f6tv\u00f6s Lor\u00e1nd University et Utrecht University.<\/p>\n<p>[\/et_pb_text][et_pb_text _builder_version=&#8221;4.11.3&#8243; _module_preset=&#8221;default&#8221; global_colors_info=&#8221;{}&#8221;]<\/p>\n<h2>Ai-je besoin de m&#8217;y conna\u00eetre en d\u00e9veloppement durable ou changement climatique pour suivre ces cours ?<\/h2>\n<p>Pas du tout! Nous avons cr\u00e9\u00e9 ces cours pour rendre les comportements plus durables tant \u00e0 l&#8217;universit\u00e9 qu&#8217;\u00e0 la maison. Il est accessible \u00e0 toute personne sensible et d\u00e9veloppement durable et d\u00e9sireuse d&#8217;apprendre.<span style=\"font-size: 12.0pt; font-family: 'sans serif',serif; color: black;\"><o:p><\/o:p><\/span><\/p>\n<p>[\/et_pb_text][et_pb_text _builder_version=&#8221;4.11.3&#8243; _module_preset=&#8221;default&#8221; global_colors_info=&#8221;{}&#8221;]<\/p>\n<h2>De combien de temps ai-je besoin pour suivre ces modules?<\/h2>\n<p>Il y a cinq modules, qui durent chacun entre 2 et 3 heures. N&#8217;oubliez pas que vous n&#8217;avez pas besoin de terminer tous les modules si vous ne le souhaitez pas. Vous pouvez s\u00e9lectionner uniquement les modules qui vous int\u00e9ressent, ou faire les cinq modules.<\/p>\n<p>[\/et_pb_text][et_pb_text _builder_version=&#8221;4.11.3&#8243; _module_preset=&#8221;default&#8221; global_colors_info=&#8221;{}&#8221;]<\/p>\n<h2>Qu&#8217;est-ce que je re\u00e7ois quand j&#8217;ai termin\u00e9 un module?<\/h2>\n<p>Lorsque vous terminez un module en r\u00e9pondant au QCM final, vous pourrez t\u00e9l\u00e9charger un certificat de participation. Il n&#8217;y a pas de cr\u00e9dits ECTS associ\u00e9s au cours.<\/p>\n<p>[\/et_pb_text][\/et_pb_column][\/et_pb_row][et_pb_row _builder_version=&#8221;4.9.1&#8243; _module_preset=&#8221;default&#8221; use_background_color_gradient=&#8221;on&#8221; background_color_gradient_start=&#8221;#89c48e&#8221; background_color_gradient_end=&#8221;#21a47e&#8221; width=&#8221;42%&#8221; module_alignment=&#8221;center&#8221; custom_margin=&#8221;86px|auto||auto||&#8221; border_radii=&#8221;on|5px|5px|5px|5px&#8221; global_colors_info=&#8221;{}&#8221;][et_pb_column type=&#8221;4_4&#8243; _builder_version=&#8221;4.9.1&#8243; _module_preset=&#8221;default&#8221; global_colors_info=&#8221;{}&#8221;][et_pb_text _builder_version=&#8221;4.11.3&#8243; _module_preset=&#8221;default&#8221; header_text_align=&#8221;center&#8221; header_text_color=&#8221;#FFFFFF&#8221; header_2_text_align=&#8221;center&#8221; header_2_text_color=&#8221;#FFFFFF&#8221; header_2_font_size=&#8221;50px&#8221; header_3_text_align=&#8221;center&#8221; header_3_text_color=&#8221;#FFFFFF&#8221; custom_padding=&#8221;|42px||42px||true&#8221; hover_enabled=&#8221;0&#8243; global_colors_info=&#8221;{}&#8221; sticky_enabled=&#8221;0&#8243;]<\/p>\n<h2>C&#8217;EST PARTI!<\/h2>\n<h3>Cr\u00e9ez votre compte puis cliquez sur l&#8217;un des modules ci-dessous pour commencer.<\/h3>\n<h3>Si vous avez d\u00e9j\u00e0 commenc\u00e9 votre apprentissage avec UNIECO,, cliquez sur &#8220;continuer&#8221; pour revenir au module que vous aviez commenc\u00e9.<\/h3>\n<p>[\/et_pb_text][\/et_pb_column][\/et_pb_row][\/et_pb_section][et_pb_section fb_built=&#8221;1&#8243; _builder_version=&#8221;4.9.0&#8243; vertical_offset_tablet=&#8221;0&#8243; horizontal_offset_tablet=&#8221;0&#8243; max_width=&#8221;800px&#8221; module_alignment=&#8221;center&#8221; custom_margin=&#8221;0px||0px||true|false&#8221; custom_padding=&#8221;0px||0px||true|false&#8221; cvdb_content_visibility_check=&#8221;!is_user_logged_in()&#8221; border_radii=&#8221;on|5px|5px|5px|5px&#8221; border_width_all=&#8221;1px&#8221; border_color_all=&#8221;#20a47e&#8221; box_shadow_style=&#8221;preset1&#8243; box_shadow_horizontal_tablet=&#8221;0px&#8221; box_shadow_vertical_tablet=&#8221;0px&#8221; box_shadow_blur_tablet=&#8221;40px&#8221; box_shadow_spread_tablet=&#8221;0px&#8221; global_colors_info=&#8221;{}&#8221;][et_pb_row _builder_version=&#8221;3.25&#8243; background_size=&#8221;initial&#8221; background_position=&#8221;top_left&#8221; background_repeat=&#8221;repeat&#8221; global_colors_info=&#8221;{}&#8221;][et_pb_column type=&#8221;4_4&#8243; _builder_version=&#8221;3.0.47&#8243; custom_padding=&#8221;|||&#8221; global_colors_info=&#8221;{}&#8221; custom_padding__hover=&#8221;|||&#8221;][et_pb_text _builder_version=&#8221;4.11.3&#8243; header_3_text_color=&#8221;#20A47E&#8221; vertical_offset_tablet=&#8221;0&#8243; horizontal_offset_tablet=&#8221;0&#8243; hover_enabled=&#8221;0&#8243; z_index_tablet=&#8221;0&#8243; text_text_shadow_horizontal_length_tablet=&#8221;0px&#8221; text_text_shadow_vertical_length_tablet=&#8221;0px&#8221; text_text_shadow_blur_strength_tablet=&#8221;1px&#8221; link_text_shadow_horizontal_length_tablet=&#8221;0px&#8221; link_text_shadow_vertical_length_tablet=&#8221;0px&#8221; link_text_shadow_blur_strength_tablet=&#8221;1px&#8221; ul_text_shadow_horizontal_length_tablet=&#8221;0px&#8221; ul_text_shadow_vertical_length_tablet=&#8221;0px&#8221; ul_text_shadow_blur_strength_tablet=&#8221;1px&#8221; ol_text_shadow_horizontal_length_tablet=&#8221;0px&#8221; ol_text_shadow_vertical_length_tablet=&#8221;0px&#8221; ol_text_shadow_blur_strength_tablet=&#8221;1px&#8221; quote_text_shadow_horizontal_length_tablet=&#8221;0px&#8221; quote_text_shadow_vertical_length_tablet=&#8221;0px&#8221; quote_text_shadow_blur_strength_tablet=&#8221;1px&#8221; header_text_shadow_horizontal_length_tablet=&#8221;0px&#8221; header_text_shadow_vertical_length_tablet=&#8221;0px&#8221; header_text_shadow_blur_strength_tablet=&#8221;1px&#8221; header_2_text_shadow_horizontal_length_tablet=&#8221;0px&#8221; header_2_text_shadow_vertical_length_tablet=&#8221;0px&#8221; header_2_text_shadow_blur_strength_tablet=&#8221;1px&#8221; header_3_text_shadow_horizontal_length_tablet=&#8221;0px&#8221; header_3_text_shadow_vertical_length_tablet=&#8221;0px&#8221; header_3_text_shadow_blur_strength_tablet=&#8221;1px&#8221; header_4_text_shadow_horizontal_length_tablet=&#8221;0px&#8221; header_4_text_shadow_vertical_length_tablet=&#8221;0px&#8221; header_4_text_shadow_blur_strength_tablet=&#8221;1px&#8221; header_5_text_shadow_horizontal_length_tablet=&#8221;0px&#8221; header_5_text_shadow_vertical_length_tablet=&#8221;0px&#8221; header_5_text_shadow_blur_strength_tablet=&#8221;1px&#8221; header_6_text_shadow_horizontal_length_tablet=&#8221;0px&#8221; header_6_text_shadow_vertical_length_tablet=&#8221;0px&#8221; header_6_text_shadow_blur_strength_tablet=&#8221;1px&#8221; box_shadow_horizontal_tablet=&#8221;0px&#8221; box_shadow_vertical_tablet=&#8221;0px&#8221; box_shadow_blur_tablet=&#8221;40px&#8221; box_shadow_spread_tablet=&#8221;0px&#8221; global_colors_info=&#8221;{}&#8221; sticky_enabled=&#8221;0&#8243;]<\/p>\n<h3 style=\"text-align: center;\">Pour suivre un de nos modules, merci de vous cr\u00e9er un compte ou de vous connecter :<\/h3>\n<p>[\/et_pb_text][\/et_pb_column][\/et_pb_row][et_pb_row column_structure=&#8221;1_2,1_2&#8243; _builder_version=&#8221;3.25&#8243; background_size=&#8221;initial&#8221; background_position=&#8221;top_left&#8221; background_repeat=&#8221;repeat&#8221; global_colors_info=&#8221;{}&#8221;][et_pb_column type=&#8221;1_2&#8243; _builder_version=&#8221;3.0.47&#8243; custom_padding=&#8221;|||&#8221; global_colors_info=&#8221;{}&#8221; custom_padding__hover=&#8221;|||&#8221;][et_pb_button button_url=&#8221;https:\/\/uni-eco.umontpellier.fr\/login\/&#8221; button_text=&#8221;CONNEXION&#8221; button_alignment=&#8221;center&#8221; _builder_version=&#8221;4.11.3&#8243; custom_button=&#8221;on&#8221; button_text_color=&#8221;#FFFFFF&#8221; button_bg_color=&#8221;#20A47E&#8221; button_border_color=&#8221;#20A47E&#8221; vertical_offset_tablet=&#8221;0&#8243; horizontal_offset_tablet=&#8221;0&#8243; hover_enabled=&#8221;0&#8243; z_index_tablet=&#8221;0&#8243; button_text_shadow_horizontal_length_tablet=&#8221;0px&#8221; button_text_shadow_vertical_length_tablet=&#8221;0px&#8221; button_text_shadow_blur_strength_tablet=&#8221;1px&#8221; box_shadow_horizontal_tablet=&#8221;0px&#8221; box_shadow_vertical_tablet=&#8221;0px&#8221; box_shadow_blur_tablet=&#8221;40px&#8221; box_shadow_spread_tablet=&#8221;0px&#8221; global_colors_info=&#8221;{}&#8221; button_text_size__hover_enabled=&#8221;on|hover&#8221; button_bg_color__hover_enabled=&#8221;on|hover&#8221; button_bg_color__hover=&#8221;#FFFFFF&#8221; button_bg_enable_color__hover=&#8221;on&#8221; button_text_color__hover_enabled=&#8221;on|hover&#8221; button_text_color__hover=&#8221;#20A47E&#8221; sticky_enabled=&#8221;0&#8243;][\/et_pb_button][\/et_pb_column][et_pb_column type=&#8221;1_2&#8243; _builder_version=&#8221;3.0.47&#8243; custom_padding=&#8221;|||&#8221; global_colors_info=&#8221;{}&#8221; custom_padding__hover=&#8221;|||&#8221;][et_pb_button button_url=&#8221;https:\/\/uni-eco.umontpellier.fr\/register\/&#8221; button_text=&#8221;CREER UN COMPTE&#8221; button_alignment=&#8221;center&#8221; _builder_version=&#8221;4.11.3&#8243; custom_button=&#8221;on&#8221; button_text_color=&#8221;#FFFFFF&#8221; button_bg_color=&#8221;#20A47E&#8221; button_border_color=&#8221;#20A47E&#8221; vertical_offset_tablet=&#8221;0&#8243; horizontal_offset_tablet=&#8221;0&#8243; hover_enabled=&#8221;0&#8243; z_index_tablet=&#8221;0&#8243; global_colors_info=&#8221;{}&#8221; button_bg_color__hover=&#8221;#FFFFFF&#8221; button_bg_color__hover_enabled=&#8221;on|hover&#8221; button_text_size__hover_enabled=&#8221;on|hover&#8221; button_text_color__hover=&#8221;#20A47E&#8221; button_text_color__hover_enabled=&#8221;on|hover&#8221; sticky_enabled=&#8221;0&#8243;][\/et_pb_button][\/et_pb_column][\/et_pb_row][\/et_pb_section][et_pb_section fb_built=&#8221;1&#8243; _builder_version=&#8221;3.22&#8243; custom_padding=&#8221;50px|||||&#8221; global_colors_info=&#8221;{}&#8221;][et_pb_row _builder_version=&#8221;4.9.0&#8243; background_size=&#8221;initial&#8221; background_position=&#8221;top_left&#8221; background_repeat=&#8221;repeat&#8221; vertical_offset_tablet=&#8221;0&#8243; horizontal_offset_tablet=&#8221;0&#8243; custom_margin=&#8221;21px|auto||auto||&#8221; z_index_tablet=&#8221;0&#8243; box_shadow_horizontal_tablet=&#8221;0px&#8221; box_shadow_vertical_tablet=&#8221;0px&#8221; box_shadow_blur_tablet=&#8221;40px&#8221; box_shadow_spread_tablet=&#8221;0px&#8221; global_colors_info=&#8221;{}&#8221;][et_pb_column type=&#8221;4_4&#8243; _builder_version=&#8221;3.0.47&#8243; custom_padding=&#8221;|||&#8221; global_colors_info=&#8221;{}&#8221; custom_padding__hover=&#8221;|||&#8221;][et_pb_code _builder_version=&#8221;4.9.0&#8243; vertical_offset_tablet=&#8221;0&#8243; horizontal_offset_tablet=&#8221;0&#8243; text_orientation=&#8221;center&#8221; z_index_tablet=&#8221;0&#8243; cvdb_content_visibility_check=&#8221;is_user_logged_in()&#8221; box_shadow_horizontal_tablet=&#8221;0px&#8221; box_shadow_vertical_tablet=&#8221;0px&#8221; box_shadow_blur_tablet=&#8221;40px&#8221; box_shadow_spread_tablet=&#8221;0px&#8221; global_colors_info=&#8221;{}&#8221;]<pee><\/pee>[\/et_pb_code][et_pb_code _builder_version=&#8221;4.8.2&#8243; vertical_offset_tablet=&#8221;0&#8243; horizontal_offset_tablet=&#8221;0&#8243; z_index_tablet=&#8221;0&#8243; box_shadow_horizontal_tablet=&#8221;0px&#8221; box_shadow_vertical_tablet=&#8221;0px&#8221; box_shadow_blur_tablet=&#8221;40px&#8221; box_shadow_spread_tablet=&#8221;0px&#8221; global_colors_info=&#8221;{}&#8221;]<pee><div id=\"ld-course-list-content-ac7b10fbf48eaefec076883a27039522\" class=\"ld-course-list-content\" data-shortcode-atts=\"{&quot;orderby&quot;:&quot;title&quot;,&quot;order&quot;:&quot;ASC&quot;}\">\n\t\t\t<div class=\"ld-course-list-items row\">\n\t<!-- LearnDash Course Grid v1 --><div class=\"ld_course_grid col-sm-8 col-md-4 \">\n\t<article id=\"post-6420\" class=\" thumbnail course post-6420 sfwd-courses type-sfwd-courses status-publish has-post-thumbnail hentry\">\n\t\t\t\t\t\t\t\t<div class=\"ribbon\">\n\t\t\t\tFree\t\t\t<\/div>\n\t\t\t\n\t\t\t\t\t\t<a href=\"https:\/\/uni-eco.umontpellier.fr\/fr\/modules\/l-empreinte-carbone\/\" rel=\"bookmark\">\n\t\t\t\t<img loading=\"lazy\" decoding=\"async\" width=\"300\" height=\"200\" src=\"https:\/\/uni-eco.umontpellier.fr\/media\/nick-page-ovav6SivMAY-unsplash-300x200.jpg\" class=\"attachment-medium size-medium wp-post-image\" alt=\"\" \/>\t\t\t<\/a>\n\t\t\t\t\t\n\t\t\t\t\t<div class=\"caption\">\n\t\t\t\t<h3 class=\"entry-title\">Action climat : l\u2019empreinte carbone<\/h3>\n\t\t\t\t\t\t\t\t<div class=\"ld_course_grid_button\"><a class=\"btn btn-primary\" role=\"button\" href=\"https:\/\/uni-eco.umontpellier.fr\/fr\/modules\/l-empreinte-carbone\/\" rel=\"bookmark\">Enroll Now<\/a><\/div>\n\t\t\t\t\t\t\t<\/div><!-- .entry-header -->\n\t\t\t<\/article><!-- #post-## -->\n<\/div><!-- .ld_course_grid -->\n\t<\/div>\n\t\t\t<\/div>\n\t\t<\/pee>[\/et_pb_code][\/et_pb_column][\/et_pb_row][\/et_pb_section]<\/p>\n","protected":false},"excerpt":{"rendered":"<p>Bienvenue dans cet espace d&#8217;enseignement sur l&#8217;action climatique et le d\u00e9veloppement durable ! Vous aimeriez savoir comment vous pouvez changer votre comportement pour avoir un impact sur le changement climatique et vivre plus durablement ? Nos cinq modules d&#8217;apprentissage en ligne vous donneront des comp\u00e9tences et des connaissances pratiques pour comprendre et vous engager dans [&hellip;]<\/p>\n","protected":false},"author":1,"featured_media":0,"parent":0,"menu_order":0,"comment_status":"closed","ping_status":"closed","template":"","meta":{"_acf_changed":false,"_et_pb_use_builder":"on","_et_pb_old_content":"","_et_gb_content_width":"","footnotes":""},"class_list":["post-6414","page","type-page","status-publish","hentry"],"acf":[],"_links":{"self":[{"href":"https:\/\/uni-eco.umontpellier.fr\/fr\/wp-json\/wp\/v2\/pages\/6414","targetHints":{"allow":["GET"]}}],"collection":[{"href":"https:\/\/uni-eco.umontpellier.fr\/fr\/wp-json\/wp\/v2\/pages"}],"about":[{"href":"https:\/\/uni-eco.umontpellier.fr\/fr\/wp-json\/wp\/v2\/types\/page"}],"author":[{"embeddable":true,"href":"https:\/\/uni-eco.umontpellier.fr\/fr\/wp-json\/wp\/v2\/users\/1"}],"replies":[{"embeddable":true,"href":"https:\/\/uni-eco.umontpellier.fr\/fr\/wp-json\/wp\/v2\/comments?post=6414"}],"version-history":[{"count":7,"href":"https:\/\/uni-eco.umontpellier.fr\/fr\/wp-json\/wp\/v2\/pages\/6414\/revisions"}],"predecessor-version":[{"id":6714,"href":"https:\/\/uni-eco.umontpellier.fr\/fr\/wp-json\/wp\/v2\/pages\/6414\/revisions\/6714"}],"wp:attachment":[{"href":"https:\/\/uni-eco.umontpellier.fr\/fr\/wp-json\/wp\/v2\/media?parent=6414"}],"curies":[{"name":"wp","href":"https:\/\/api.w.org\/{rel}","templated":true}]}}