{"id":3206,"date":"2021-03-10T17:43:38","date_gmt":"2021-03-10T16:43:38","guid":{"rendered":"https:\/\/uni-eco.umontpellier.fr\/convocatoria-de-projectes-desafiaments-verds-2021-bases-de-la-convocatoria\/"},"modified":"2021-03-15T11:44:55","modified_gmt":"2021-03-15T10:44:55","slug":"convocatoria-de-projectes-desafiaments-verds-2021-bases-de-la-convocatoria","status":"publish","type":"page","link":"https:\/\/uni-eco.umontpellier.fr\/ca\/convocatoria-de-projectes-desafiaments-verds-2021-bases-de-la-convocatoria\/","title":{"rendered":"Convocat\u00f2ria de projectes &#8220;Desafiaments verds 2021&#8221; Bases de la convocat\u00f2ria"},"content":{"rendered":"<p>[et_pb_section fb_built=&#8221;1&#8243; fullwidth=&#8221;on&#8221; next_background_color=&#8221;#ffffff&#8221; _builder_version=&#8221;4.8.2&#8243; _module_preset=&#8221;default&#8221; use_background_color_gradient=&#8221;on&#8221; background_color_gradient_start=&#8221;#004912&#8243; background_color_gradient_end=&#8221;#1fad82&#8243; background_image=&#8221;https:\/\/uni-eco.umontpellier.fr\/media\/unieco-header-image-scaled.jpg&#8221; background_position=&#8221;top_center&#8221; background_blend=&#8221;lighten&#8221; bottom_divider_style=&#8221;asymmetric2&#8243; bottom_divider_flip=&#8221;horizontal&#8221; locked=&#8221;off&#8221;][et_pb_fullwidth_post_title meta=&#8221;off&#8221; featured_image=&#8221;off&#8221; _builder_version=&#8221;4.8.2&#8243; _module_preset=&#8221;default&#8221; title_font=&#8221;Abel|700|||||||&#8221; title_text_color=&#8221;#FFFFFF&#8221; title_font_size=&#8221;32px&#8221; min_height=&#8221;250px&#8221; custom_margin=&#8221;||1px|||&#8221; title_text_shadow_style=&#8221;preset1&#8243;][\/et_pb_fullwidth_post_title][\/et_pb_section][et_pb_section fb_built=&#8221;1&#8243; _builder_version=&#8221;4.9.1&#8243; _module_preset=&#8221;default&#8221; collapsed=&#8221;off&#8221;][et_pb_row _builder_version=&#8221;4.9.1&#8243; _module_preset=&#8221;default&#8221;][et_pb_column type=&#8221;4_4&#8243; _builder_version=&#8221;4.9.1&#8243; _module_preset=&#8221;default&#8221;][et_pb_text _builder_version=&#8221;4.9.1&#8243; _module_preset=&#8221;default&#8221; hover_enabled=&#8221;0&#8243; admin_label=&#8221;Text&#8221; sticky_enabled=&#8221;0&#8243;]<\/p>\n<h2><strong>CONTEXT<\/strong><\/h2>\n<p>Aquesta convocat\u00f2ria de projectes forma part del projecte UNI-ECO. UNI-ECO \u00e9s una &#8220;Associaci\u00f3 Estrat\u00e8gica&#8221; (Strategic Partnership) cofinan\u00e7ada pel programa Erasmus+ de la Comissi\u00f3 Europea. El projecte UNI-ECO \u00e9s una iniciativa liderada per la Universitat de Montpeller en associaci\u00f3 amb la Universitat de Barcelona, la Universitat d&#8217;Utrecht, la Universitat E\u00f6tv\u00f6s Lor\u00e1nd de Budapest i el Trinity College de Dubl\u00edn (tots ells membres de l&#8217;alian\u00e7a CHARM-Universitats Europees), aix\u00ed com la xarxa universit\u00e0ria UNIMED i l&#8217;ONG CESIE.<\/p>\n<p>Aquest projecte pret\u00e9n respondre a la necessitat d&#8217;incorporar la sostenibilitat social i mediambiental en el nucli de la universitat moderna. En el projecte UNI-ECO volem dissenyar el campus sostenible, per\u00f2 s\u00f3n la comunitat estudiantil i el personal dels IES els qui li donaran vida passant a l&#8217;acci\u00f3.<\/p>\n<p>Durant la primera fase del projecte, s&#8217;ha realitzat un &#8220;Estat de l&#8217;art del desenvolupament sostenible en les institucions d&#8217;ensenyament superior&#8221;. Comparant els resultats de l&#8217;estudi, les autoavaluacions de les universitats i les enquestes a la comunitat estudiantil i al personal, s&#8217;han identificat les prioritats de les institucions associades i s&#8217;han establert &#8220;Desafiaments Verds&#8221; comuns que s\u00f3n la subst\u00e0ncia d&#8217;aquesta convocat\u00f2ria.<\/p>\n<p><strong> <\/strong><\/p>\n<h2><strong>OBJECTIU<\/strong><\/h2>\n<p>L&#8217;objectiu de la campanya &#8220;Desafiaments Verds&#8221; \u00e9s animar les persones usu\u00e0ries del campus a implicar-se en la comunitat proposant miniprojectes, i promoure l&#8217;intercanvi de bones pr\u00e0ctiques dins de la instituci\u00f3, i entre les universitats associades.<\/p>\n<p>&nbsp;<\/p>\n<h2><strong>TEMES 2021<\/strong><\/h2>\n<p>Cada universitat s\u00f2cia gestiona la seva pr\u00f2pia convocat\u00f2ria de projectes interna en el marc dels &#8220;Desafiaments verds&#8221;.<\/p>\n<p>Els temes comuns de la Convocat\u00f2ria de projectes &#8220;Desafiaments verds 2021&#8221; s&#8217;han definit de la seg\u00fcent manera:<\/p>\n<ol>\n<li>Pr\u00e0ctiques que acostin a la universitat al Residu Zero<\/li>\n<li>Reduir la petjada de carboni relacionada amb el transport en la universitat<\/li>\n<li>Accions per a recolzar i millorar la biodiversitat<\/li>\n<li>Reduir la petjada mediambiental de la restauraci\u00f3 en la universitat<\/li>\n<\/ol>\n<p><strong> <\/strong><\/p>\n<h2><strong>OPORTUNITATS PELS PARTICIPANTS<\/strong><\/h2>\n<p>Les persones usu\u00e0ries del campus podran participar amb proposant els seus propis projectes d&#8217;equip, o donant suport a projectes existents.<\/p>\n<p>Els equips formats per a participar en els desafiaments verds tindran acc\u00e9s a un espai en l\u00ednia, el &#8220;Living Lab&#8221;, on podran obtenir informaci\u00f3, intercanviar idees i coordinar l&#8217;execuci\u00f3 del seu miniprojecte.<\/p>\n<p>Cada instituci\u00f3 pot dedicar fons per a donar suport a la implementaci\u00f3 del projecte, quan es justifiqui com a part del proc\u00e9s de sol\u00b7licitud; el decidir\u00e0 el comit\u00e8 d&#8217;avaluaci\u00f3 de cada instituci\u00f3 dins de les limitacions d&#8217;un petit pressupost dedicat a tal fi (els detalls seran anunciats per cada instituci\u00f3 localment).<\/p>\n<p>Els millors projectes seleccionats per cada universitat seran presentats per la persona responsable de l&#8217;equip a tota la comunitat universit\u00e0ria a l&#8217;Escola d&#8217;Estiu UNI-ECO (lloc i data per confirmar en funci\u00f3 de l&#8217;evoluci\u00f3 de la situaci\u00f3 de la pand\u00e8mia). En el seu cas, les despeses de viatge i estada de la persona representant del projecte seran coberts pel projecte UNI-ECO, segons les condicions definides.<\/p>\n<p>&nbsp;<\/p>\n<h2><strong>CRITERIS DE PARTICIPACI\u00d3<\/strong><\/h2>\n<p>Per a participar en un projecte, les persones participants han d&#8217;estar inscrites com a estudiants o membres del personal en una de les institucions associades.<\/p>\n<p>Un equip ha d&#8217;estar format per un m\u00ednim de dos i un m\u00e0xim de cinc participants, que poden ser de la mateixa instituci\u00f3 o de m\u00e9s d&#8217;una instituci\u00f3 associada.<\/p>\n<p><strong> <\/strong><\/p>\n<h2><strong>PROCEDIMENT DE SOL\u00b7LICITUD<\/strong><\/h2>\n<p>Les sol\u00b7licituds han de presentar-se en la plataforma allotjada en el lloc web del projecte UNI-ECO: <a href=\"https:\/\/uni-eco.umontpellier.fr\/ca\/\">https:\/\/uni-eco.umontpellier.fr\/<\/a><\/p>\n<p>La web de UNI-ECO est\u00e0 en angl\u00e8s, per\u00f2 el formulari de sol\u00b7licitud est\u00e0 disponible en tots els idiomes de les universitats associades.<\/p>\n<p>La persona sol\u00b7licitant ha d&#8217;emplenar el formulari de sol\u00b7licitud dels Desafiaments verds. Si ja forma part d&#8217;un equip, nom\u00e9s la persona responsable de l\u2019equip ha de presentar la sol\u00b7licitud.<\/p>\n<p>Existeix la possibilitat que una persona sol\u00b7liciti participar com a membre addicional d&#8217;un equip en un projecte ja proposat per un equip en la plataforma, sempre que no s&#8217;hagi aconseguit el n\u00famero m\u00e0xim de cinc membres de l&#8217;equip. La sol\u00b7licitud de participaci\u00f3 s&#8217;enviar\u00e0 autom\u00e0ticament per correu electr\u00f2nic a la persona responsable de l&#8217;equip del projecte en q\u00fcesti\u00f3.<\/p>\n<p>Aquesta persona responsable d&#8217;equip haur\u00e0 d&#8217;avaluar la contribuci\u00f3 potencial de la nova sol\u00b7licitud per a unir-se a l&#8217;equip del projecte, dins del l\u00edmit m\u00e0xim de cinc membres per a cada equip. Ser\u00e0 responsabilitat del l\u00edder d&#8217;equip respondre a la petici\u00f3 del\/a sol\u00b7licitant al m\u00e9s aviat possible i comunicar qualsevol canvi resultant en la composici\u00f3 de l&#8217;equip per correu electr\u00f2nic a <a href=\"mailto:uni-eco@umontpellier.fr\">uni-eco@umontpellier.fr<\/a><\/p>\n<p>&nbsp;<\/p>\n<p>La data l\u00edmit per a les sol\u00b7licituds \u00e9s el <sup>11 d&#8217;abril de 2021<\/sup>.<\/p>\n<p><strong> <\/strong><\/p>\n<h2><strong>PROCEDIMENTS D&#8217;AVALUACI\u00d3 I ANUNCI DELS RESULTATS<\/strong><\/h2>\n<p>Un comit\u00e8 d&#8217;avaluaci\u00f3 definit per cada universitat s\u00f2cia seleccionar\u00e0 un m\u00e0xim de cinc projectes. La selecci\u00f3 es far\u00e0sobre la base de la descripci\u00f3 del projecte rebuda en el formulari de sol\u00b7licitud d&#8217;acord amb els seg\u00fcents criteris:<\/p>\n<p>o Viabilitat del projecte, coher\u00e8ncia en abordar el repte<\/p>\n<p>o Qualitat i originalitat<\/p>\n<p>Els resultats de la selecci\u00f3 seran publicats per cada universitat en la seva p\u00e0gina web el <sup>12 d&#8217;abril de 2021<\/sup>.<\/p>\n<p>Cada equip haur\u00e0 de presentar un informe de situaci\u00f3 sobre el desenvolupament i l&#8217;execuci\u00f3 del seu projecte fins avui a mitjan juny (data per confirmar localment). L&#8217;informe de situaci\u00f3 seguir\u00e0 un format est\u00e0ndard i es presentar\u00e0 al comit\u00e8 d&#8217;avaluaci\u00f3 de la universitat associada corresponent. Basant-se en l&#8217;informe de progr\u00e9s, el comit\u00e8 d&#8217;avaluaci\u00f3 seleccionar\u00e0 els 2 o 3 millors projectes per a la seva presentaci\u00f3 a l&#8217;Escola d&#8217;Estiu UNI-ECO.<\/p>\n<p>Els principals criteris d&#8217;avaluaci\u00f3 seran:<\/p>\n<p>o Viabilitat del projecte, coher\u00e8ncia en abordar el repte<\/p>\n<p>o Comunicaci\u00f3, impacte i valor afegit<\/p>\n<p>Els subcriteris seran:<\/p>\n<p>o An\u00e0lisi de les necessitats, objectius realistes, resultats mesurables<\/p>\n<p>o Qualitat de l&#8217;organitzaci\u00f3<\/p>\n<p>o Potencial de replicaci\u00f3<\/p>\n<p><strong> <\/strong><\/p>\n<h2><strong>OBLIGACIONS DELS SOL\u00b7LICITANTS SELECCIONATS<\/strong><\/h2>\n<p>En cas de ser seleccionada, la persona sol\u00b7licitant es compromet a realitzar el projecte tal com s&#8217;ha presentat en la sol\u00b7licitud.<\/p>\n<p>Cada equip haur\u00e0 de presentar una presentaci\u00f3 final en forma de PowerPoint (es proporcionar\u00e0 una plantilla) que pot anar acompanyat de documents de suport (fotos, v\u00eddeos, estudi, etc.). El termini per a enviar l&#8217;informe de progr\u00e9s al comit\u00e8 d&#8217;avaluaci\u00f3 ser\u00e0 confirmat pel comit\u00e8 d&#8217;avaluaci\u00f3 a nivell local.<\/p>\n<p>Els resultats finals es publicaran en la web de UNI-ECO i podr\u00e0n utilitzar-se posteriorment en el marc de la comunicaci\u00f3 realitzada entorn del projecte UNI-ECO.<\/p>\n<p>Si \u00e9s seleccionat entre els millors projectes, l&#8217;equip haur\u00e0 de seleccionar almenys una persona representant per a assistir a l&#8217;Escola d&#8217;Estiu UNI-ECO per a presentar els resultats del seu projecte a la comunitat universit\u00e0ria. Es confirmar\u00e0 la data de l\u2019Escola d\u2019Estiu 2021.<\/p>\n<p>&nbsp;<\/p>\n<h2><strong>INFORMACI\u00d3 ADICIONAL<\/strong><\/h2>\n<p>En presentar el formulari de sol\u00b7licitud, la persona sol\u00b7licitant accepta els termes i condicions de la convocat\u00f2ria de projectes.<\/p>\n<p>Per a garantir la privacitat de les dades, nom\u00e9s els membres dels comit\u00e8s d&#8217;avaluaci\u00f3 tindran acc\u00e9s a les dades personals de les persones sol\u00b7licitants.<\/p>\n<p>Les universitats s\u00f2cies organitzadores es reserven el dret de modificar les condicions o cancel\u00b7lar aquesta Convocat\u00f2ria de projectes en funci\u00f3 de l&#8217;evoluci\u00f3 de la situaci\u00f3 sanit\u00e0ria.<\/p>\n<p>[\/et_pb_text][et_pb_button button_url=&#8221;@ET-DC@eyJkeW5hbWljIjp0cnVlLCJjb250ZW50IjoicG9zdF9saW5rX3VybF9wYWdlIiwic2V0dGluZ3MiOnsicG9zdF9pZCI6IjI1MDAifX0=@&#8221; url_new_window=&#8221;on&#8221; button_text=&#8221;Desafiaments verds&#8221; button_alignment=&#8221;center&#8221; _builder_version=&#8221;4.9.1&#8243; _dynamic_attributes=&#8221;button_url&#8221; _module_preset=&#8221;default&#8221; custom_button=&#8221;on&#8221; button_text_color__hover_enabled=&#8221;on|hover&#8221; button_text_color__hover=&#8221;#12876F&#8221;][\/et_pb_button][\/et_pb_column][\/et_pb_row][\/et_pb_section]<\/p>\n","protected":false},"excerpt":{"rendered":"<p>CONTEXT Aquesta convocat\u00f2ria de projectes forma part del projecte UNI-ECO. UNI-ECO \u00e9s una &#8220;Associaci\u00f3 Estrat\u00e8gica&#8221; (Strategic Partnership) cofinan\u00e7ada pel programa Erasmus+ de la Comissi\u00f3 Europea. El projecte UNI-ECO \u00e9s una iniciativa liderada per la Universitat de Montpeller en associaci\u00f3 amb la Universitat de Barcelona, la Universitat d&#8217;Utrecht, la Universitat E\u00f6tv\u00f6s Lor\u00e1nd de Budapest i el [&hellip;]<\/p>\n","protected":false},"author":1,"featured_media":0,"parent":0,"menu_order":0,"comment_status":"closed","ping_status":"closed","template":"","meta":{"_acf_changed":false,"_et_pb_use_builder":"on","_et_pb_old_content":"","_et_gb_content_width":"","footnotes":""},"class_list":["post-3206","page","type-page","status-publish","hentry"],"acf":[],"_links":{"self":[{"href":"https:\/\/uni-eco.umontpellier.fr\/ca\/wp-json\/wp\/v2\/pages\/3206","targetHints":{"allow":["GET"]}}],"collection":[{"href":"https:\/\/uni-eco.umontpellier.fr\/ca\/wp-json\/wp\/v2\/pages"}],"about":[{"href":"https:\/\/uni-eco.umontpellier.fr\/ca\/wp-json\/wp\/v2\/types\/page"}],"author":[{"embeddable":true,"href":"https:\/\/uni-eco.umontpellier.fr\/ca\/wp-json\/wp\/v2\/users\/1"}],"replies":[{"embeddable":true,"href":"https:\/\/uni-eco.umontpellier.fr\/ca\/wp-json\/wp\/v2\/comments?post=3206"}],"version-history":[{"count":11,"href":"https:\/\/uni-eco.umontpellier.fr\/ca\/wp-json\/wp\/v2\/pages\/3206\/revisions"}],"predecessor-version":[{"id":3767,"href":"https:\/\/uni-eco.umontpellier.fr\/ca\/wp-json\/wp\/v2\/pages\/3206\/revisions\/3767"}],"wp:attachment":[{"href":"https:\/\/uni-eco.umontpellier.fr\/ca\/wp-json\/wp\/v2\/media?parent=3206"}],"curies":[{"name":"wp","href":"https:\/\/api.w.org\/{rel}","templated":true}]}}